{"id":8623,"date":"2018-09-06T18:31:53","date_gmt":"2018-09-07T00:31:53","guid":{"rendered":"http:\/\/www.utch.edu.mx\/?page_id=8623"},"modified":"2022-03-14T18:41:59","modified_gmt":"2022-03-15T01:41:59","slug":"bolsa-trabajo","status":"publish","type":"page","link":"https:\/\/www.utch.edu.mx\/index.php\/bolsa-trabajo\/","title":{"rendered":"Bolsa de Trabajo"},"content":{"rendered":"\t\t<div data-elementor-type=\"wp-post\" data-elementor-id=\"8623\" class=\"elementor elementor-8623\">\n\t\t\t\t\t\t<section class=\"elementor-section elementor-top-section elementor-element elementor-element-562833a elementor-section-boxed elementor-section-height-default elementor-section-height-default\" data-id=\"562833a\" data-element_type=\"section\">\n\t\t\t\t\t\t<div class=\"elementor-container elementor-column-gap-default\">\n\t\t\t\t\t<div class=\"elementor-column elementor-col-100 elementor-top-column elementor-element elementor-element-18e70f2\" data-id=\"18e70f2\" data-element_type=\"column\">\n\t\t\t<div class=\"elementor-widget-wrap elementor-element-populated\">\n\t\t\t\t\t\t<div class=\"elementor-element elementor-element-e09ef55 elementor-widget elementor-widget-spacer\" data-id=\"e09ef55\" data-element_type=\"widget\" data-widget_type=\"spacer.default\">\n\t\t\t\t<div class=\"elementor-widget-container\">\n\t\t\t\t\t\t\t<div class=\"elementor-spacer\">\n\t\t\t<div class=\"elementor-spacer-inner\"><\/div>\n\t\t<\/div>\n\t\t\t\t\t\t<\/div>\n\t\t\t\t<\/div>\n\t\t\t\t\t<\/div>\n\t\t<\/div>\n\t\t\t\t\t<\/div>\n\t\t<\/section>\n\t\t\t\t<section class=\"elementor-section elementor-top-section elementor-element elementor-element-0c1e811 elementor-section-boxed elementor-section-height-default elementor-section-height-default\" data-id=\"0c1e811\" data-element_type=\"section\" data-settings=\"{&quot;background_background&quot;:&quot;classic&quot;}\">\n\t\t\t\t\t\t<div class=\"elementor-container elementor-column-gap-default\">\n\t\t\t\t\t<div class=\"elementor-column elementor-col-50 elementor-top-column elementor-element elementor-element-3eeaefa\" data-id=\"3eeaefa\" data-element_type=\"column\">\n\t\t\t<div class=\"elementor-widget-wrap elementor-element-populated\">\n\t\t\t\t\t\t<div class=\"elementor-element elementor-element-d2c9a1c elementor-invisible elementor-widget elementor-widget-eael-cta-box\" data-id=\"d2c9a1c\" data-element_type=\"widget\" data-settings=\"{&quot;_animation&quot;:&quot;fadeInLeft&quot;}\" data-widget_type=\"eael-cta-box.default\">\n\t\t\t\t<div class=\"elementor-widget-container\">\n\t\t\t\t\t\t\t\t\t<div class=\"eael-call-to-action cta-icon-flex bg-lite cta-preset-1\">\n\t    <div class=\"icon\">\n\t\t\t\t\t\t\t<i class=\"far fa-id-card\"><\/i>\t    <\/div>\n\t    <div class=\"content\">\n            <h4 class=\"sub-title\">BOLSA DE TRABAJO RH<\/h4><h2 class=\"title eael-cta-heading\">\u00bfTe interesa formar parte del equipo UTCH? <\/h2><p>Ingresa y reg\u00edstrate para subir tu curr\u00edculum y enterarte de las vacantes docentes y administrativas.<\/p>\t    <\/div>\n\t    <div class=\"action\">\n            <a href=\"https:\/\/proyecta.utch.edu.mx\/sapp\/bolsatrabajorh\" class=\"cta-button cta-preset-1  \">Ingresar<\/a>\t    <\/div>\n\t<\/div>\n\t\t\t\t\t\t<\/div>\n\t\t\t\t<\/div>\n\t\t\t\t\t<\/div>\n\t\t<\/div>\n\t\t\t\t<div class=\"elementor-column elementor-col-50 elementor-top-column elementor-element elementor-element-e3406fa\" data-id=\"e3406fa\" data-element_type=\"column\">\n\t\t\t<div class=\"elementor-widget-wrap elementor-element-populated\">\n\t\t\t\t\t\t<div class=\"elementor-element elementor-element-47f7bf6 elementor-invisible elementor-widget elementor-widget-eael-cta-box\" data-id=\"47f7bf6\" data-element_type=\"widget\" data-settings=\"{&quot;_animation&quot;:&quot;fadeInRight&quot;}\" data-widget_type=\"eael-cta-box.default\">\n\t\t\t\t<div class=\"elementor-widget-container\">\n\t\t\t\t\t\t\t\t\t<div class=\"eael-call-to-action cta-icon-flex bg-lite cta-preset-1\">\n\t    <div class=\"icon\">\n\t\t\t\t\t\t\t<i class=\"far fa-newspaper\"><\/i>\t    <\/div>\n\t    <div class=\"content\">\n            <h4 class=\"sub-title\">BOLSA DE TRABAJO VINCULACI\u00d3N<\/h4><h2 class=\"title eael-cta-heading\">\u00bfEres estudiante, egresado UTCH o empresa? <\/h2><p>Ingresa para consultar las vacantes de trabajo y\/o estad\u00edas que m\u00e1s de 1,000 empresas registradas publican.<\/p>\t    <\/div>\n\t    <div class=\"action\">\n            <a href=\"https:\/\/proyecta.utch.edu.mx\/sapp\/bolsatrabajo\" class=\"cta-button cta-preset-1  \">Ingresar<\/a>\t    <\/div>\n\t<\/div>\n\t\t\t\t\t\t<\/div>\n\t\t\t\t<\/div>\n\t\t\t\t\t<\/div>\n\t\t<\/div>\n\t\t\t\t\t<\/div>\n\t\t<\/section>\n\t\t\t\t<\/div>\n\t\t","protected":false},"excerpt":{"rendered":"<p>BOLSA DE TRABAJO RH \u00bfTe interesa formar parte del equipo UTCH? Ingresa y reg\u00edstrate para subir tu curr\u00edculum y enterarte de las vacantes docentes y administrativas. Ingresar BOLSA DE TRABAJO VINCULACI\u00d3N \u00bfEres estudiante, egresado UTCH o empresa? Ingresa para consultar las vacantes de trabajo y\/o estad\u00edas que m\u00e1s de 1,000 empresas registradas publican. Ingresar<\/p>\n","protected":false},"author":1,"featured_media":0,"parent":0,"menu_order":0,"comment_status":"closed","ping_status":"closed","template":"elementor_header_footer","meta":{"footnotes":""},"class_list":["post-8623","page","type-page","status-publish","hentry"],"jetpack_sharing_enabled":true,"amp_enabled":true,"_links":{"self":[{"href":"https:\/\/www.utch.edu.mx\/index.php\/wp-json\/wp\/v2\/pages\/8623","targetHints":{"allow":["GET"]}}],"collection":[{"href":"https:\/\/www.utch.edu.mx\/index.php\/wp-json\/wp\/v2\/pages"}],"about":[{"href":"https:\/\/www.utch.edu.mx\/index.php\/wp-json\/wp\/v2\/types\/page"}],"author":[{"embeddable":true,"href":"https:\/\/www.utch.edu.mx\/index.php\/wp-json\/wp\/v2\/users\/1"}],"replies":[{"embeddable":true,"href":"https:\/\/www.utch.edu.mx\/index.php\/wp-json\/wp\/v2\/comments?post=8623"}],"version-history":[{"count":0,"href":"https:\/\/www.utch.edu.mx\/index.php\/wp-json\/wp\/v2\/pages\/8623\/revisions"}],"wp:attachment":[{"href":"https:\/\/www.utch.edu.mx\/index.php\/wp-json\/wp\/v2\/media?parent=8623"}],"curies":[{"name":"wp","href":"https:\/\/api.w.org\/{rel}","templated":true}]}}