{"id":6010,"date":"2018-03-16T13:33:44","date_gmt":"2018-03-16T20:33:44","guid":{"rendered":"http:\/\/www.utch.edu.mx\/?page_id=6010"},"modified":"2021-06-01T11:09:30","modified_gmt":"2021-06-01T17:09:30","slug":"asm","status":"publish","type":"page","link":"https:\/\/www.utch.edu.mx\/index.php\/asm\/","title":{"rendered":"Aspectos Susceptibles de Mejora"},"content":{"rendered":"\t\t<div data-elementor-type=\"wp-post\" data-elementor-id=\"6010\" class=\"elementor elementor-6010\">\n\t\t\t\t\t\t<section class=\"elementor-section elementor-top-section elementor-element elementor-element-80abab0 elementor-hidden-desktop elementor-hidden-tablet elementor-hidden-phone elementor-section-boxed elementor-section-height-default elementor-section-height-default\" data-id=\"80abab0\" data-element_type=\"section\">\n\t\t\t\t\t\t<div class=\"elementor-container elementor-column-gap-default\">\n\t\t\t\t\t<div class=\"elementor-column elementor-col-100 elementor-top-column elementor-element elementor-element-682acdb\" data-id=\"682acdb\" data-element_type=\"column\">\n\t\t\t<div class=\"elementor-widget-wrap elementor-element-populated\">\n\t\t\t\t\t\t<div class=\"elementor-element elementor-element-72d9270 elementor-widget elementor-widget-heading\" data-id=\"72d9270\" data-element_type=\"widget\" data-widget_type=\"heading.default\">\n\t\t\t\t<div class=\"elementor-widget-container\">\n\t\t\t\t\t<h2 class=\"elementor-heading-title elementor-size-default\">Ejercicio Fiscal 2016<\/h2>\t\t\t\t<\/div>\n\t\t\t\t<\/div>\n\t\t\t\t\t<\/div>\n\t\t<\/div>\n\t\t\t\t\t<\/div>\n\t\t<\/section>\n\t\t\t\t<section class=\"elementor-section elementor-top-section elementor-element elementor-element-3e61265 elementor-hidden-desktop elementor-hidden-tablet elementor-hidden-phone elementor-section-boxed elementor-section-height-default elementor-section-height-default\" data-id=\"3e61265\" data-element_type=\"section\">\n\t\t\t\t\t\t<div class=\"elementor-container elementor-column-gap-default\">\n\t\t\t\t\t<div class=\"elementor-column elementor-col-100 elementor-top-column elementor-element elementor-element-b8a751e\" data-id=\"b8a751e\" data-element_type=\"column\">\n\t\t\t<div class=\"elementor-widget-wrap elementor-element-populated\">\n\t\t\t\t\t\t<div class=\"elementor-element elementor-element-4fbf707 elementor-align-center elementor-icon-list--layout-traditional elementor-list-item-link-full_width elementor-widget elementor-widget-icon-list\" data-id=\"4fbf707\" data-element_type=\"widget\" data-widget_type=\"icon-list.default\">\n\t\t\t\t<div class=\"elementor-widget-container\">\n\t\t\t\t\t\t\t<ul class=\"elementor-icon-list-items\">\n\t\t\t\t\t\t\t<li class=\"elementor-icon-list-item\">\n\t\t\t\t\t\t\t\t\t\t\t<a href=\"http:\/\/www.utch.edu.mx\/wp-content\/uploads\/2018\/02\/INFORME-FINAL-DE-EVALUACIO%CC%81N-DE-DISEN%CC%83O-UTCH-ejercicio-fical-2016.pdf\" target=\"_blank\">\n\n\t\t\t\t\t\t\t\t\t\t\t\t<span class=\"elementor-icon-list-icon\">\n\t\t\t\t\t\t\t\t\t\t\t\t\t\t\t\t<i class=\"fa fa-download\" aria-hidden=\"true\"><\/i>\n\t\t\t\t\t\t\t\t\t\t\t\t\t<\/span>\n\t\t\t\t\t\t\t\t\t\t<span class=\"elementor-icon-list-text\">Informe Final de la Evaluaci\u00f3n Espec\u00edfica del Dise\u00f1o UTCH ejercicio fiscal 2016<\/span>\n\t\t\t\t\t\t\t\t\t\t\t<\/a>\n\t\t\t\t\t\t\t\t\t<\/li>\n\t\t\t\t\t\t\t\t<li class=\"elementor-icon-list-item\">\n\t\t\t\t\t\t\t\t\t\t\t<a href=\"http:\/\/www.utch.edu.mx\/wp-content\/uploads\/2018\/04\/7SH-DFSASM-Documento-para-fundamentar-la-seleccio\u0301n-de-los-ASM.pdf\" target=\"_blank\">\n\n\t\t\t\t\t\t\t\t\t\t\t\t<span class=\"elementor-icon-list-icon\">\n\t\t\t\t\t\t\t\t\t\t\t\t\t\t\t\t<i class=\"fa fa-download\" aria-hidden=\"true\"><\/i>\n\t\t\t\t\t\t\t\t\t\t\t\t\t<\/span>\n\t\t\t\t\t\t\t\t\t\t<span class=\"elementor-icon-list-text\">7SH-DFSASM - Documento para fundamentar la selecci\u00f3n de los ASM<\/span>\n\t\t\t\t\t\t\t\t\t\t\t<\/a>\n\t\t\t\t\t\t\t\t\t<\/li>\n\t\t\t\t\t\t\t\t<li class=\"elementor-icon-list-item\">\n\t\t\t\t\t\t\t\t\t\t\t<a href=\"http:\/\/www.utch.edu.mx\/wp-content\/uploads\/2018\/03\/SH-ASM1-Documento-de-Trabajo.pdf\" target=\"_blank\">\n\n\t\t\t\t\t\t\t\t\t\t\t\t<span class=\"elementor-icon-list-icon\">\n\t\t\t\t\t\t\t\t\t\t\t\t\t\t\t\t<i class=\"fa fa-download\" aria-hidden=\"true\"><\/i>\n\t\t\t\t\t\t\t\t\t\t\t\t\t<\/span>\n\t\t\t\t\t\t\t\t\t\t<span class=\"elementor-icon-list-text\">SH-ASM1 Documento de Trabajo<\/span>\n\t\t\t\t\t\t\t\t\t\t\t<\/a>\n\t\t\t\t\t\t\t\t\t<\/li>\n\t\t\t\t\t\t\t\t<li class=\"elementor-icon-list-item\">\n\t\t\t\t\t\t\t\t\t\t\t<a href=\"http:\/\/www.utch.edu.mx\/wp-content\/uploads\/2018\/03\/SH-ASM_2-1er-seguimiento.pdf\" target=\"_blank\">\n\n\t\t\t\t\t\t\t\t\t\t\t\t<span class=\"elementor-icon-list-icon\">\n\t\t\t\t\t\t\t\t\t\t\t\t\t\t\t\t<i class=\"fa fa-download\" aria-hidden=\"true\"><\/i>\n\t\t\t\t\t\t\t\t\t\t\t\t\t<\/span>\n\t\t\t\t\t\t\t\t\t\t<span class=\"elementor-icon-list-text\">SH-ASM_2 1er seguimiento<\/span>\n\t\t\t\t\t\t\t\t\t\t\t<\/a>\n\t\t\t\t\t\t\t\t\t<\/li>\n\t\t\t\t\t\t\t\t<li class=\"elementor-icon-list-item\">\n\t\t\t\t\t\t\t\t\t\t\t<a href=\"http:\/\/www.utch.edu.mx\/wp-content\/uploads\/2018\/06\/VALIDADO-SH-ASM_2-para-PWEB.pdf\" target=\"_blank\">\n\n\t\t\t\t\t\t\t\t\t\t\t\t<span class=\"elementor-icon-list-icon\">\n\t\t\t\t\t\t\t\t\t\t\t\t\t\t\t\t<i class=\"fa fa-download\" aria-hidden=\"true\"><\/i>\n\t\t\t\t\t\t\t\t\t\t\t\t\t<\/span>\n\t\t\t\t\t\t\t\t\t\t<span class=\"elementor-icon-list-text\">VALIDADO-SH-ASM_2<\/span>\n\t\t\t\t\t\t\t\t\t\t\t<\/a>\n\t\t\t\t\t\t\t\t\t<\/li>\n\t\t\t\t\t\t\t\t<li class=\"elementor-icon-list-item\">\n\t\t\t\t\t\t\t\t\t\t\t<a href=\"http:\/\/www.utch.edu.mx\/wp-content\/uploads\/2018\/09\/SH-ASM_2-3er-seguimiento.pdf.pdf\" target=\"_blank\">\n\n\t\t\t\t\t\t\t\t\t\t\t\t<span class=\"elementor-icon-list-icon\">\n\t\t\t\t\t\t\t\t\t\t\t\t\t\t\t\t<i class=\"fa fa-download\" aria-hidden=\"true\"><\/i>\n\t\t\t\t\t\t\t\t\t\t\t\t\t<\/span>\n\t\t\t\t\t\t\t\t\t\t<span class=\"elementor-icon-list-text\">SH-ASM_2-3er-seguimiento<\/span>\n\t\t\t\t\t\t\t\t\t\t\t<\/a>\n\t\t\t\t\t\t\t\t\t<\/li>\n\t\t\t\t\t\t\t\t<li class=\"elementor-icon-list-item\">\n\t\t\t\t\t\t\t\t\t\t\t<a href=\"http:\/\/www.utch.edu.mx\/wp-content\/uploads\/2018\/10\/SH-ASM_3-COMPENDIO-FINAL-DE-AVANCE-DE-LOS-ASM-2016.pdf\" target=\"_blank\">\n\n\t\t\t\t\t\t\t\t\t\t\t\t<span class=\"elementor-icon-list-icon\">\n\t\t\t\t\t\t\t\t\t\t\t\t\t\t\t\t<i class=\"fa fa-download\" aria-hidden=\"true\"><\/i>\n\t\t\t\t\t\t\t\t\t\t\t\t\t<\/span>\n\t\t\t\t\t\t\t\t\t\t<span class=\"elementor-icon-list-text\">SH-ASM_3 - COMPENDIO FINAL DE AVANCE DE LOS ASM 2016<\/span>\n\t\t\t\t\t\t\t\t\t\t\t<\/a>\n\t\t\t\t\t\t\t\t\t<\/li>\n\t\t\t\t\t\t<\/ul>\n\t\t\t\t\t\t<\/div>\n\t\t\t\t<\/div>\n\t\t\t\t\t<\/div>\n\t\t<\/div>\n\t\t\t\t\t<\/div>\n\t\t<\/section>\n\t\t\t\t<section class=\"elementor-section elementor-top-section elementor-element elementor-element-b4bbc74 elementor-section-boxed elementor-section-height-default elementor-section-height-default\" data-id=\"b4bbc74\" data-element_type=\"section\">\n\t\t\t\t\t\t<div class=\"elementor-container elementor-column-gap-default\">\n\t\t\t\t\t<div class=\"elementor-column elementor-col-100 elementor-top-column elementor-element elementor-element-b8495c5\" data-id=\"b8495c5\" data-element_type=\"column\">\n\t\t\t<div class=\"elementor-widget-wrap elementor-element-populated\">\n\t\t\t\t\t\t<div class=\"elementor-element elementor-element-4975128 elementor-tabs-view-horizontal elementor-widget elementor-widget-tabs\" data-id=\"4975128\" data-element_type=\"widget\" data-widget_type=\"tabs.default\">\n\t\t\t\t<div class=\"elementor-widget-container\">\n\t\t\t\t\t\t\t<div class=\"elementor-tabs\">\n\t\t\t<div class=\"elementor-tabs-wrapper\" role=\"tablist\" >\n\t\t\t\t\t\t\t\t\t<div id=\"elementor-tab-title-7701\" class=\"elementor-tab-title elementor-tab-desktop-title\" aria-selected=\"true\" data-tab=\"1\" role=\"tab\" tabindex=\"0\" aria-controls=\"elementor-tab-content-7701\" aria-expanded=\"false\">Ejercicio fiscal 2016<\/div>\n\t\t\t\t\t\t\t<\/div>\n\t\t\t<div class=\"elementor-tabs-content-wrapper\" role=\"tablist\" aria-orientation=\"vertical\">\n\t\t\t\t\t\t\t\t\t<div class=\"elementor-tab-title elementor-tab-mobile-title\" aria-selected=\"true\" data-tab=\"1\" role=\"tab\" tabindex=\"0\" aria-controls=\"elementor-tab-content-7701\" aria-expanded=\"false\">Ejercicio fiscal 2016<\/div>\n\t\t\t\t\t<div id=\"elementor-tab-content-7701\" class=\"elementor-tab-content elementor-clearfix\" data-tab=\"1\" role=\"tabpanel\" aria-labelledby=\"elementor-tab-title-7701\" tabindex=\"0\" hidden=\"false\"><ul><li><span class=\"elementor-icon-list-text\"><a href=\"http:\/\/www.utch.edu.mx\/wp-content\/uploads\/2018\/02\/INFORME-FINAL-DE-EVALUACIO%CC%81N-DE-DISEN%CC%83O-UTCH-ejercicio-fical-2016.pdf\" target=\"_blank\" rel=\"noopener\">Informe Final de la Evaluaci\u00f3n Espec\u00edfica del Dise\u00f1o UTCH ejercicio fiscal 2016<\/a>.<\/span><\/li><li><span class=\"elementor-icon-list-text\"><a href=\"http:\/\/www.utch.edu.mx\/wp-content\/uploads\/2018\/04\/7SH-DFSASM-Documento-para-fundamentar-la-seleccio%CC%81n-de-los-ASM.pdf\" target=\"_blank\" rel=\"noopener\">7SH-DFSASM &#8211; Documento para fundamentar la selecci\u00f3n de los ASM<\/a>.<\/span><\/li><li><span class=\"elementor-icon-list-text\"><a href=\"http:\/\/www.utch.edu.mx\/wp-content\/uploads\/2018\/03\/SH-ASM1-Documento-de-Trabajo.pdf\" target=\"_blank\" rel=\"noopener\">SH-ASM1 Documento de Trabajo<\/a>.<\/span><\/li><li><span class=\"elementor-icon-list-text\"><a href=\"http:\/\/www.utch.edu.mx\/wp-content\/uploads\/2018\/03\/SH-ASM_2-1er-seguimiento.pdf\" target=\"_blank\" rel=\"noopener\">SH-ASM_2 1er seguimiento<\/a>.<\/span><\/li><li><span class=\"elementor-icon-list-text\"><a href=\"http:\/\/www.utch.edu.mx\/wp-content\/uploads\/2018\/06\/VALIDADO-SH-ASM_2-para-PWEB.pdf\" target=\"_blank\" rel=\"noopener\">VALIDADO-SH-ASM_2<\/a>.<\/span><\/li><li><span class=\"elementor-icon-list-text\"><a href=\"http:\/\/www.utch.edu.mx\/wp-content\/uploads\/2018\/09\/SH-ASM_2-3er-seguimiento.pdf.pdf\" target=\"_blank\" rel=\"noopener\">SH-ASM_2-3er-seguimiento<\/a>.<\/span><\/li><li><span class=\"elementor-icon-list-text\"><a href=\"http:\/\/www.utch.edu.mx\/wp-content\/uploads\/2018\/10\/SH-ASM_3-COMPENDIO-FINAL-DE-AVANCE-DE-LOS-ASM-2016.pdf\" target=\"_blank\" rel=\"noopener\">SH-ASM_3 &#8211; COMPENDIO FINAL DE AVANCE DE LOS ASM 2016<\/a>.<\/span><\/li><\/ul><\/div>\n\t\t\t\t\t\t\t<\/div>\n\t\t<\/div>\n\t\t\t\t\t\t<\/div>\n\t\t\t\t<\/div>\n\t\t\t\t\t<\/div>\n\t\t<\/div>\n\t\t\t\t\t<\/div>\n\t\t<\/section>\n\t\t\t\t<\/div>\n\t\t","protected":false},"excerpt":{"rendered":"<p>Ejercicio Fiscal 2016 Informe Final de la Evaluaci\u00f3n Espec\u00edfica del Dise\u00f1o UTCH ejercicio fiscal 2016 7SH-DFSASM &#8211; Documento para fundamentar la selecci\u00f3n de los ASM SH-ASM1 Documento de Trabajo SH-ASM_2 1er seguimiento VALIDADO-SH-ASM_2 SH-ASM_2-3er-seguimiento SH-ASM_3 &#8211; COMPENDIO FINAL DE AVANCE DE LOS ASM 2016 Ejercicio fiscal 2016 Ejercicio fiscal 2016 Informe Final de la Evaluaci\u00f3n [&hellip;]<\/p>\n","protected":false},"author":1,"featured_media":0,"parent":0,"menu_order":0,"comment_status":"closed","ping_status":"closed","template":"elementor_header_footer","meta":{"footnotes":""},"class_list":["post-6010","page","type-page","status-publish","hentry"],"jetpack_sharing_enabled":true,"amp_enabled":true,"_links":{"self":[{"href":"https:\/\/www.utch.edu.mx\/index.php\/wp-json\/wp\/v2\/pages\/6010","targetHints":{"allow":["GET"]}}],"collection":[{"href":"https:\/\/www.utch.edu.mx\/index.php\/wp-json\/wp\/v2\/pages"}],"about":[{"href":"https:\/\/www.utch.edu.mx\/index.php\/wp-json\/wp\/v2\/types\/page"}],"author":[{"embeddable":true,"href":"https:\/\/www.utch.edu.mx\/index.php\/wp-json\/wp\/v2\/users\/1"}],"replies":[{"embeddable":true,"href":"https:\/\/www.utch.edu.mx\/index.php\/wp-json\/wp\/v2\/comments?post=6010"}],"version-history":[{"count":0,"href":"https:\/\/www.utch.edu.mx\/index.php\/wp-json\/wp\/v2\/pages\/6010\/revisions"}],"wp:attachment":[{"href":"https:\/\/www.utch.edu.mx\/index.php\/wp-json\/wp\/v2\/media?parent=6010"}],"curies":[{"name":"wp","href":"https:\/\/api.w.org\/{rel}","templated":true}]}}