{"id":5589,"date":"2018-02-15T09:02:56","date_gmt":"2018-02-15T16:02:56","guid":{"rendered":"http:\/\/www.utch.edu.mx\/?page_id=5589"},"modified":"2023-05-09T15:45:34","modified_gmt":"2023-05-09T21:45:34","slug":"x-utch","status":"publish","type":"page","link":"https:\/\/www.utch.edu.mx\/index.php\/x-utch\/","title":{"rendered":"xUTCH"},"content":{"rendered":"\t\t<div data-elementor-type=\"wp-post\" data-elementor-id=\"5589\" class=\"elementor elementor-5589\">\n\t\t\t\t\t\t<section class=\"elementor-section elementor-top-section elementor-element elementor-element-197d8ba elementor-hidden-desktop elementor-hidden-tablet elementor-hidden-mobile elementor-section-boxed elementor-section-height-default elementor-section-height-default\" data-id=\"197d8ba\" data-element_type=\"section\">\n\t\t\t\t\t\t<div class=\"elementor-container elementor-column-gap-default\">\n\t\t\t\t\t<div class=\"elementor-column elementor-col-100 elementor-top-column elementor-element elementor-element-8c10120\" data-id=\"8c10120\" data-element_type=\"column\">\n\t\t\t<div class=\"elementor-widget-wrap elementor-element-populated\">\n\t\t\t\t\t\t<div class=\"elementor-element elementor-element-2c4beca elementor-invisible elementor-widget elementor-widget-text-editor\" data-id=\"2c4beca\" data-element_type=\"widget\" data-settings=\"{&quot;_animation&quot;:&quot;fadeInDown&quot;}\" data-widget_type=\"text-editor.default\">\n\t\t\t\t<div class=\"elementor-widget-container\">\n\t\t\t\t\t\t\t\t\t<p><strong>Los alumnos a partir del 3er. cuatrimestre de nivel te\u0301cnico, pueden iniciar pra\u0301cticas en empresas u organismos que le permitan poner en pra\u0301ctica los conocimientos adquiridos hasta ese momento. Adema\u0301s, apoya en actividades que la organizacio\u0301n les asigne.<\/strong><\/p><p><strong>La duracio\u0301n de la pra\u0301ctica se rige por la vigencia del cuatrimestre, es decir, debe de ser dentro de las 15 semanas que dura el tetramestre.<\/strong><br \/><strong>Se puede renovar cada periodo, siempre y cuando el alumno y la empresa asi\u0301 lo convengan.<\/strong><\/p>\t\t\t\t\t\t\t\t<\/div>\n\t\t\t\t<\/div>\n\t\t\t\t\t<\/div>\n\t\t<\/div>\n\t\t\t\t\t<\/div>\n\t\t<\/section>\n\t\t\t\t<section class=\"elementor-section elementor-top-section elementor-element elementor-element-c3cc583 elementor-section-boxed elementor-section-height-default elementor-section-height-default\" data-id=\"c3cc583\" data-element_type=\"section\">\n\t\t\t\t\t\t<div class=\"elementor-container elementor-column-gap-default\">\n\t\t\t\t\t<div class=\"elementor-column elementor-col-100 elementor-top-column elementor-element elementor-element-b1fe107\" data-id=\"b1fe107\" data-element_type=\"column\">\n\t\t\t<div class=\"elementor-widget-wrap elementor-element-populated\">\n\t\t\t\t\t\t<div class=\"elementor-element elementor-element-89995ba elementor-widget elementor-widget-spacer\" data-id=\"89995ba\" data-element_type=\"widget\" data-widget_type=\"spacer.default\">\n\t\t\t\t<div class=\"elementor-widget-container\">\n\t\t\t\t\t\t\t<div class=\"elementor-spacer\">\n\t\t\t<div class=\"elementor-spacer-inner\"><\/div>\n\t\t<\/div>\n\t\t\t\t\t\t<\/div>\n\t\t\t\t<\/div>\n\t\t\t\t\t<\/div>\n\t\t<\/div>\n\t\t\t\t\t<\/div>\n\t\t<\/section>\n\t\t\t\t<section class=\"elementor-section elementor-top-section elementor-element elementor-element-d76fbc2 elementor-section-boxed elementor-section-height-default elementor-section-height-default\" data-id=\"d76fbc2\" data-element_type=\"section\">\n\t\t\t\t\t\t<div class=\"elementor-container elementor-column-gap-default\">\n\t\t\t\t\t<div class=\"elementor-column elementor-col-100 elementor-top-column elementor-element elementor-element-a3c3d9b\" data-id=\"a3c3d9b\" data-element_type=\"column\">\n\t\t\t<div class=\"elementor-widget-wrap elementor-element-populated\">\n\t\t\t\t\t\t<div class=\"elementor-element elementor-element-4db3219 elementor-widget elementor-widget-heading\" data-id=\"4db3219\" data-element_type=\"widget\" data-widget_type=\"heading.default\">\n\t\t\t\t<div class=\"elementor-widget-container\">\n\t\t\t\t\t<h2 class=\"elementor-heading-title elementor-size-default\">EN CONSTRUCCI\u00d3N<\/h2>\t\t\t\t<\/div>\n\t\t\t\t<\/div>\n\t\t\t\t\t<\/div>\n\t\t<\/div>\n\t\t\t\t\t<\/div>\n\t\t<\/section>\n\t\t\t\t<section class=\"elementor-section elementor-top-section elementor-element elementor-element-3180bf5 elementor-section-boxed elementor-section-height-default elementor-section-height-default\" data-id=\"3180bf5\" data-element_type=\"section\">\n\t\t\t\t\t\t<div class=\"elementor-container elementor-column-gap-default\">\n\t\t\t\t\t<div class=\"elementor-column elementor-col-100 elementor-top-column elementor-element elementor-element-2760704\" data-id=\"2760704\" data-element_type=\"column\">\n\t\t\t<div class=\"elementor-widget-wrap elementor-element-populated\">\n\t\t\t\t\t\t<div class=\"elementor-element elementor-element-005cd7d elementor-widget elementor-widget-spacer\" data-id=\"005cd7d\" data-element_type=\"widget\" data-widget_type=\"spacer.default\">\n\t\t\t\t<div class=\"elementor-widget-container\">\n\t\t\t\t\t\t\t<div class=\"elementor-spacer\">\n\t\t\t<div class=\"elementor-spacer-inner\"><\/div>\n\t\t<\/div>\n\t\t\t\t\t\t<\/div>\n\t\t\t\t<\/div>\n\t\t\t\t\t<\/div>\n\t\t<\/div>\n\t\t\t\t\t<\/div>\n\t\t<\/section>\n\t\t\t\t<section class=\"elementor-section elementor-top-section elementor-element elementor-element-f20083f elementor-hidden-desktop elementor-hidden-tablet elementor-hidden-mobile elementor-section-boxed elementor-section-height-default elementor-section-height-default\" data-id=\"f20083f\" data-element_type=\"section\">\n\t\t\t\t\t\t<div class=\"elementor-container elementor-column-gap-default\">\n\t\t\t\t\t<div class=\"elementor-column elementor-col-100 elementor-top-column elementor-element elementor-element-1e0e9b4\" data-id=\"1e0e9b4\" data-element_type=\"column\">\n\t\t\t<div class=\"elementor-widget-wrap elementor-element-populated\">\n\t\t\t\t\t\t<div class=\"elementor-element elementor-element-dc080b9 elementor-widget elementor-widget-heading\" data-id=\"dc080b9\" data-element_type=\"widget\" data-widget_type=\"heading.default\">\n\t\t\t\t<div class=\"elementor-widget-container\">\n\t\t\t\t\t<h2 class=\"elementor-heading-title elementor-size-default\">Proceso de pr\u00e1cticas profesionales<\/h2>\t\t\t\t<\/div>\n\t\t\t\t<\/div>\n\t\t\t\t\t<\/div>\n\t\t<\/div>\n\t\t\t\t\t<\/div>\n\t\t<\/section>\n\t\t\t\t<section class=\"elementor-section elementor-top-section elementor-element elementor-element-44e35f8 elementor-hidden-desktop elementor-hidden-tablet elementor-hidden-mobile elementor-section-boxed elementor-section-height-default elementor-section-height-default\" data-id=\"44e35f8\" data-element_type=\"section\">\n\t\t\t\t\t\t<div class=\"elementor-container elementor-column-gap-default\">\n\t\t\t\t\t<div class=\"elementor-column elementor-col-100 elementor-top-column elementor-element elementor-element-4db96b1\" data-id=\"4db96b1\" data-element_type=\"column\">\n\t\t\t<div class=\"elementor-widget-wrap elementor-element-populated\">\n\t\t\t\t\t\t<div class=\"elementor-element elementor-element-6e6bc44 elementor-position-top elementor-widget elementor-widget-image-box\" data-id=\"6e6bc44\" data-element_type=\"widget\" data-widget_type=\"image-box.default\">\n\t\t\t\t<div class=\"elementor-widget-container\">\n\t\t\t\t\t<div class=\"elementor-image-box-wrapper\"><figure class=\"elementor-image-box-img\"><img fetchpriority=\"high\" decoding=\"async\" width=\"1920\" height=\"672\" src=\"https:\/\/www.utch.edu.mx\/wp-content\/uploads\/2018\/02\/Practicas_1-e1518711374536.png\" class=\"attachment-full size-full wp-image-5596\" alt=\"\" srcset=\"https:\/\/www.utch.edu.mx\/wp-content\/uploads\/2018\/02\/Practicas_1-e1518711374536.png 1920w, https:\/\/www.utch.edu.mx\/wp-content\/uploads\/2018\/02\/Practicas_1-e1518711374536-300x105.png 300w, https:\/\/www.utch.edu.mx\/wp-content\/uploads\/2018\/02\/Practicas_1-e1518711374536-768x269.png 768w, https:\/\/www.utch.edu.mx\/wp-content\/uploads\/2018\/02\/Practicas_1-e1518711374536-1024x358.png 1024w, https:\/\/www.utch.edu.mx\/wp-content\/uploads\/2018\/02\/Practicas_1-e1518711374536-1600x560.png 1600w\" sizes=\"(max-width: 1920px) 100vw, 1920px\" \/><\/figure><div class=\"elementor-image-box-content\"><h3 class=\"elementor-image-box-title\">1. ELEGIR EMPRESA<\/h3><p class=\"elementor-image-box-description\">El alumno selecciona  la empresa en donde va a hacer la pr\u00e1ctica, si la empresa no est\u00e1 dada de alta registrarla en la opci\u00f3n NUEVA.<\/p><\/div><\/div>\t\t\t\t<\/div>\n\t\t\t\t<\/div>\n\t\t\t\t\t<\/div>\n\t\t<\/div>\n\t\t\t\t\t<\/div>\n\t\t<\/section>\n\t\t\t\t<section class=\"elementor-section elementor-top-section elementor-element elementor-element-0a40edb elementor-hidden-desktop elementor-hidden-tablet elementor-hidden-mobile elementor-section-boxed elementor-section-height-default elementor-section-height-default\" data-id=\"0a40edb\" data-element_type=\"section\">\n\t\t\t\t\t\t<div class=\"elementor-container elementor-column-gap-default\">\n\t\t\t\t\t<div class=\"elementor-column elementor-col-100 elementor-top-column elementor-element elementor-element-c13ece3\" data-id=\"c13ece3\" data-element_type=\"column\">\n\t\t\t<div class=\"elementor-widget-wrap elementor-element-populated\">\n\t\t\t\t\t\t<div class=\"elementor-element elementor-element-cb0645c elementor-position-top elementor-widget elementor-widget-image-box\" data-id=\"cb0645c\" data-element_type=\"widget\" data-widget_type=\"image-box.default\">\n\t\t\t\t<div class=\"elementor-widget-container\">\n\t\t\t\t\t<div class=\"elementor-image-box-wrapper\"><figure class=\"elementor-image-box-img\"><img decoding=\"async\" width=\"1920\" height=\"758\" src=\"https:\/\/www.utch.edu.mx\/wp-content\/uploads\/2018\/02\/Practicas_2-e1518711689516.png\" class=\"attachment-full size-full wp-image-5599\" alt=\"\" srcset=\"https:\/\/www.utch.edu.mx\/wp-content\/uploads\/2018\/02\/Practicas_2-e1518711689516.png 1920w, https:\/\/www.utch.edu.mx\/wp-content\/uploads\/2018\/02\/Practicas_2-e1518711689516-300x118.png 300w, https:\/\/www.utch.edu.mx\/wp-content\/uploads\/2018\/02\/Practicas_2-e1518711689516-768x303.png 768w, https:\/\/www.utch.edu.mx\/wp-content\/uploads\/2018\/02\/Practicas_2-e1518711689516-1024x404.png 1024w, https:\/\/www.utch.edu.mx\/wp-content\/uploads\/2018\/02\/Practicas_2-e1518711689516-1600x632.png 1600w\" sizes=\"(max-width: 1920px) 100vw, 1920px\" \/><\/figure><div class=\"elementor-image-box-content\"><h3 class=\"elementor-image-box-title\">1.1 REGISTRAR EMPRESA<\/h3><p class=\"elementor-image-box-description\">Una vez que encontr\u00f3 la empresa verifica que la informaci\u00f3n est\u00e9 correcta y le da click en el bot\u00f3n de continuar.<\/p><\/div><\/div>\t\t\t\t<\/div>\n\t\t\t\t<\/div>\n\t\t\t\t\t<\/div>\n\t\t<\/div>\n\t\t\t\t\t<\/div>\n\t\t<\/section>\n\t\t\t\t<section class=\"elementor-section elementor-top-section elementor-element elementor-element-e9e3b58 elementor-hidden-desktop elementor-hidden-tablet elementor-hidden-mobile elementor-section-boxed elementor-section-height-default elementor-section-height-default\" data-id=\"e9e3b58\" data-element_type=\"section\">\n\t\t\t\t\t\t<div class=\"elementor-container elementor-column-gap-default\">\n\t\t\t\t\t<div class=\"elementor-column elementor-col-100 elementor-top-column elementor-element elementor-element-eaef0c1\" data-id=\"eaef0c1\" data-element_type=\"column\">\n\t\t\t<div class=\"elementor-widget-wrap elementor-element-populated\">\n\t\t\t\t\t\t<div class=\"elementor-element elementor-element-ab9d1c5 elementor-position-top elementor-widget elementor-widget-image-box\" data-id=\"ab9d1c5\" data-element_type=\"widget\" data-widget_type=\"image-box.default\">\n\t\t\t\t<div class=\"elementor-widget-container\">\n\t\t\t\t\t<div class=\"elementor-image-box-wrapper\"><figure class=\"elementor-image-box-img\"><img decoding=\"async\" width=\"1920\" height=\"772\" src=\"https:\/\/www.utch.edu.mx\/wp-content\/uploads\/2018\/02\/Practicas_3-e1518711902748.png\" class=\"attachment-full size-full wp-image-5602\" alt=\"\" srcset=\"https:\/\/www.utch.edu.mx\/wp-content\/uploads\/2018\/02\/Practicas_3-e1518711902748.png 1920w, https:\/\/www.utch.edu.mx\/wp-content\/uploads\/2018\/02\/Practicas_3-e1518711902748-300x121.png 300w, https:\/\/www.utch.edu.mx\/wp-content\/uploads\/2018\/02\/Practicas_3-e1518711902748-768x309.png 768w, https:\/\/www.utch.edu.mx\/wp-content\/uploads\/2018\/02\/Practicas_3-e1518711902748-1024x412.png 1024w, https:\/\/www.utch.edu.mx\/wp-content\/uploads\/2018\/02\/Practicas_3-e1518711902748-1600x643.png 1600w\" sizes=\"(max-width: 1920px) 100vw, 1920px\" \/><\/figure><div class=\"elementor-image-box-content\"><h3 class=\"elementor-image-box-title\">2. CAPTURA DE DATOS<\/h3><p class=\"elementor-image-box-description\">Aqu\u00ed  el alumno captura los datos de la empresa, es muy importante que capture la informaci\u00f3n completa y correctamente una vez terminada darle click al bot\u00f3n de guardar pr\u00e1ctica.<\/p><\/div><\/div>\t\t\t\t<\/div>\n\t\t\t\t<\/div>\n\t\t\t\t\t<\/div>\n\t\t<\/div>\n\t\t\t\t\t<\/div>\n\t\t<\/section>\n\t\t\t\t<section class=\"elementor-section elementor-top-section elementor-element elementor-element-c5478ab elementor-hidden-desktop elementor-hidden-tablet elementor-hidden-mobile elementor-section-boxed elementor-section-height-default elementor-section-height-default\" data-id=\"c5478ab\" data-element_type=\"section\">\n\t\t\t\t\t\t<div class=\"elementor-container elementor-column-gap-default\">\n\t\t\t\t\t<div class=\"elementor-column elementor-col-100 elementor-top-column elementor-element elementor-element-182255e\" data-id=\"182255e\" data-element_type=\"column\">\n\t\t\t<div class=\"elementor-widget-wrap elementor-element-populated\">\n\t\t\t\t\t\t<div class=\"elementor-element elementor-element-c4e824f elementor-position-top elementor-widget elementor-widget-image-box\" data-id=\"c4e824f\" data-element_type=\"widget\" data-widget_type=\"image-box.default\">\n\t\t\t\t<div class=\"elementor-widget-container\">\n\t\t\t\t\t<div class=\"elementor-image-box-wrapper\"><figure class=\"elementor-image-box-img\"><img loading=\"lazy\" decoding=\"async\" width=\"1920\" height=\"532\" src=\"https:\/\/www.utch.edu.mx\/wp-content\/uploads\/2018\/02\/Practicas_4-e1518712354830.png\" class=\"attachment-full size-full wp-image-5606\" alt=\"\" srcset=\"https:\/\/www.utch.edu.mx\/wp-content\/uploads\/2018\/02\/Practicas_4-e1518712354830.png 1920w, https:\/\/www.utch.edu.mx\/wp-content\/uploads\/2018\/02\/Practicas_4-e1518712354830-300x83.png 300w, https:\/\/www.utch.edu.mx\/wp-content\/uploads\/2018\/02\/Practicas_4-e1518712354830-768x213.png 768w, https:\/\/www.utch.edu.mx\/wp-content\/uploads\/2018\/02\/Practicas_4-e1518712354830-1024x284.png 1024w, https:\/\/www.utch.edu.mx\/wp-content\/uploads\/2018\/02\/Practicas_4-e1518712354830-1600x443.png 1600w\" sizes=\"(max-width: 1920px) 100vw, 1920px\" \/><\/figure><div class=\"elementor-image-box-content\"><h3 class=\"elementor-image-box-title\">3. ESTATUS CARTA COMPROMISO PR\u00c1CTICAS<\/h3><p class=\"elementor-image-box-description\">En esta pantalla el alumno puede ver en que status esta su carta compromiso,\n el alumno pasa al departamento de vinculaci\u00f3n por su carta compromiso para recabar firmas.\n<\/p><\/div><\/div>\t\t\t\t<\/div>\n\t\t\t\t<\/div>\n\t\t\t\t\t<\/div>\n\t\t<\/div>\n\t\t\t\t\t<\/div>\n\t\t<\/section>\n\t\t\t\t<\/div>\n\t\t","protected":false},"excerpt":{"rendered":"<p>Los alumnos a partir del 3er. cuatrimestre de nivel te\u0301cnico, pueden iniciar pra\u0301cticas en empresas u organismos que le permitan poner en pra\u0301ctica los conocimientos adquiridos hasta ese momento. Adema\u0301s, apoya en actividades que la organizacio\u0301n les asigne. La duracio\u0301n de la pra\u0301ctica se rige por la vigencia del cuatrimestre, es decir, debe de ser [&hellip;]<\/p>\n","protected":false},"author":1,"featured_media":0,"parent":0,"menu_order":0,"comment_status":"closed","ping_status":"closed","template":"elementor_header_footer","meta":{"footnotes":""},"class_list":["post-5589","page","type-page","status-publish","hentry"],"jetpack_sharing_enabled":true,"amp_enabled":true,"_links":{"self":[{"href":"https:\/\/www.utch.edu.mx\/index.php\/wp-json\/wp\/v2\/pages\/5589","targetHints":{"allow":["GET"]}}],"collection":[{"href":"https:\/\/www.utch.edu.mx\/index.php\/wp-json\/wp\/v2\/pages"}],"about":[{"href":"https:\/\/www.utch.edu.mx\/index.php\/wp-json\/wp\/v2\/types\/page"}],"author":[{"embeddable":true,"href":"https:\/\/www.utch.edu.mx\/index.php\/wp-json\/wp\/v2\/users\/1"}],"replies":[{"embeddable":true,"href":"https:\/\/www.utch.edu.mx\/index.php\/wp-json\/wp\/v2\/comments?post=5589"}],"version-history":[{"count":0,"href":"https:\/\/www.utch.edu.mx\/index.php\/wp-json\/wp\/v2\/pages\/5589\/revisions"}],"wp:attachment":[{"href":"https:\/\/www.utch.edu.mx\/index.php\/wp-json\/wp\/v2\/media?parent=5589"}],"curies":[{"name":"wp","href":"https:\/\/api.w.org\/{rel}","templated":true}]}}