{"id":14792,"date":"2023-05-18T10:29:56","date_gmt":"2023-05-18T16:29:56","guid":{"rendered":"https:\/\/www.utch.edu.mx\/?page_id=14792"},"modified":"2023-08-14T18:19:03","modified_gmt":"2023-08-15T00:19:03","slug":"estadias","status":"publish","type":"page","link":"https:\/\/www.utch.edu.mx\/index.php\/estadias\/","title":{"rendered":"Estad\u00edas"},"content":{"rendered":"\t\t<div data-elementor-type=\"wp-post\" data-elementor-id=\"14792\" class=\"elementor elementor-14792\">\n\t\t\t\t\t\t<section class=\"elementor-section elementor-top-section elementor-element elementor-element-5a733d9 elementor-section-boxed elementor-section-height-default elementor-section-height-default\" data-id=\"5a733d9\" data-element_type=\"section\" id=\"esta\">\n\t\t\t\t\t\t\t<div class=\"elementor-background-overlay\"><\/div>\n\t\t\t\t\t\t\t<div class=\"elementor-container elementor-column-gap-default\">\n\t\t\t\t\t<div class=\"elementor-column elementor-col-100 elementor-top-column elementor-element elementor-element-b9565e5\" data-id=\"b9565e5\" data-element_type=\"column\">\n\t\t\t<div class=\"elementor-widget-wrap elementor-element-populated\">\n\t\t\t\t\t\t<div class=\"elementor-element elementor-element-4d8a1b5 elementor-widget elementor-widget-heading\" data-id=\"4d8a1b5\" data-element_type=\"widget\" data-widget_type=\"heading.default\">\n\t\t\t\t<div class=\"elementor-widget-container\">\n\t\t\t\t\t<h1 class=\"elementor-heading-title elementor-size-default\">ESTAD\u00cdAS<\/h1>\t\t\t\t<\/div>\n\t\t\t\t<\/div>\n\t\t\t\t<div class=\"elementor-element elementor-element-81371ce elementor-widget elementor-widget-text-editor\" data-id=\"81371ce\" data-element_type=\"widget\" data-widget_type=\"text-editor.default\">\n\t\t\t\t<div class=\"elementor-widget-container\">\n\t\t\t\t\t\t\t\t\t<p style=\"text-align: center;\"><strong>ENERO-ABRIL 2023<\/strong><\/p>\t\t\t\t\t\t\t\t<\/div>\n\t\t\t\t<\/div>\n\t\t\t\t<section class=\"elementor-section elementor-inner-section elementor-element elementor-element-b59bdaf elementor-section-boxed elementor-section-height-default elementor-section-height-default\" data-id=\"b59bdaf\" data-element_type=\"section\">\n\t\t\t\t\t\t<div class=\"elementor-container elementor-column-gap-default\">\n\t\t\t\t\t<div class=\"elementor-column elementor-col-100 elementor-inner-column elementor-element elementor-element-a8e7673\" data-id=\"a8e7673\" data-element_type=\"column\" data-settings=\"{&quot;background_background&quot;:&quot;classic&quot;}\">\n\t\t\t<div class=\"elementor-widget-wrap elementor-element-populated\">\n\t\t\t\t\t\t<div class=\"elementor-element elementor-element-26f8487 elementor-widget elementor-widget-text-editor\" data-id=\"26f8487\" data-element_type=\"widget\" data-widget_type=\"text-editor.default\">\n\t\t\t\t<div class=\"elementor-widget-container\">\n\t\t\t\t\t\t\t\t\t<ul><li><strong>12 de diciembre 2022.-<\/strong><span style=\"color: #455258;\"> Inscripci\u00f3n estad\u00edas.<\/span><\/li><li><strong>3 de enero.-<\/strong><span style=\"color: #455258;\"> Inicio de estad\u00edas.<\/span><\/li><li><strong>6 de enero.-<\/strong><span style=\"color: #455258;\"> Fecha l\u00edmite para tr\u00e1mite de carta compromiso de estad\u00edas (carta compromiso con firma y subida en PDF en tu Proyecta). <span style=\"color: #ff0000;\"><em><strong>.<\/strong><\/em><\/span><\/span><\/li><li><strong>12 de abril.-<\/strong><span style=\"color: #455258;\"> T\u00e9rmino de estad\u00edas.<\/span><\/li><li><strong>22 de abril.-<\/strong><span style=\"color: #455258;\"> Fecha l\u00edmite para entregar liberaci\u00f3n (var\u00eda dependiendo de la fecha de inicio, revisar en Proyecta tu fecha l\u00edmite).<\/span><\/li><\/ul>\t\t\t\t\t\t\t\t<\/div>\n\t\t\t\t<\/div>\n\t\t\t\t\t<\/div>\n\t\t<\/div>\n\t\t\t\t\t<\/div>\n\t\t<\/section>\n\t\t\t\t<div class=\"elementor-element elementor-element-4835470 content-align-cta-default elementor-widget elementor-widget-eael-cta-box\" data-id=\"4835470\" data-element_type=\"widget\" data-widget_type=\"eael-cta-box.default\">\n\t\t\t\t<div class=\"elementor-widget-container\">\n\t\t\t\t\t\t\t<div class=\"eael-call-to-action cta-basic bg-lite cta-preset-1\">\n        <h4 class=\"sub-title\">Todo lo que debes saber...<\/h4><h2 class=\"title eael-cta-heading\">Lineamientos de estad\u00eda<\/h2><p>Asignaci\u00f3n de proyecto, tipos de estad\u00eda e informaci\u00f3n de inter\u00e9s que te guiar\u00e1 en la realizaci\u00f3n de la misma, durante el periodo de contingencia.<\/p><a href=\"http:\/\/www.utch.edu.mx\/wp-content\/uploads\/2022\/11\/Lineamientos-estadia-enero-abril-2023.pdf\" class=\"cta-button cta-preset-1  \">consultar<\/a>\t<\/div>\n\t\t\t\t\t\t\t\t<\/div>\n\t\t\t\t<\/div>\n\t\t\t\t<div class=\"elementor-element elementor-element-79168b4 elementor-widget elementor-widget-text-editor\" data-id=\"79168b4\" data-element_type=\"widget\" data-widget_type=\"text-editor.default\">\n\t\t\t\t<div class=\"elementor-widget-container\">\n\t\t\t\t\t\t\t\t\t<p style=\"text-align: center;\"><strong>\u00bfTienes dudas? escr\u00edbenos a:<\/strong><\/p>\t\t\t\t\t\t\t\t<\/div>\n\t\t\t\t<\/div>\n\t\t\t\t<div class=\"elementor-element elementor-element-48d7e16 elementor-icon-list--layout-inline elementor-align-center elementor-list-item-link-full_width elementor-widget elementor-widget-icon-list\" data-id=\"48d7e16\" data-element_type=\"widget\" data-widget_type=\"icon-list.default\">\n\t\t\t\t<div class=\"elementor-widget-container\">\n\t\t\t\t\t\t\t<ul class=\"elementor-icon-list-items elementor-inline-items\">\n\t\t\t\t\t\t\t<li class=\"elementor-icon-list-item elementor-inline-item\">\n\t\t\t\t\t\t\t\t\t\t\t<span class=\"elementor-icon-list-icon\">\n\t\t\t\t\t\t\t<i aria-hidden=\"true\" class=\"far fa-envelope\"><\/i>\t\t\t\t\t\t<\/span>\n\t\t\t\t\t\t\t\t\t\t<span class=\"elementor-icon-list-text\">estadias@utch.edu.mx<\/span>\n\t\t\t\t\t\t\t\t\t<\/li>\n\t\t\t\t\t\t<\/ul>\n\t\t\t\t\t\t<\/div>\n\t\t\t\t<\/div>\n\t\t\t\t\t<\/div>\n\t\t<\/div>\n\t\t\t\t\t<\/div>\n\t\t<\/section>\n\t\t\t\t<section class=\"elementor-section elementor-top-section elementor-element elementor-element-0fdc582 elementor-section-boxed elementor-section-height-default elementor-section-height-default\" data-id=\"0fdc582\" data-element_type=\"section\">\n\t\t\t\t\t\t<div class=\"elementor-container elementor-column-gap-default\">\n\t\t\t\t\t<div class=\"elementor-column elementor-col-100 elementor-top-column elementor-element elementor-element-45fa54f\" data-id=\"45fa54f\" data-element_type=\"column\">\n\t\t\t<div class=\"elementor-widget-wrap elementor-element-populated\">\n\t\t\t\t\t\t<div class=\"elementor-element elementor-element-67f0aa5 elementor-widget elementor-widget-spacer\" data-id=\"67f0aa5\" data-element_type=\"widget\" data-widget_type=\"spacer.default\">\n\t\t\t\t<div class=\"elementor-widget-container\">\n\t\t\t\t\t\t\t<div class=\"elementor-spacer\">\n\t\t\t<div class=\"elementor-spacer-inner\"><\/div>\n\t\t<\/div>\n\t\t\t\t\t\t<\/div>\n\t\t\t\t<\/div>\n\t\t\t\t\t<\/div>\n\t\t<\/div>\n\t\t\t\t\t<\/div>\n\t\t<\/section>\n\t\t\t\t<section class=\"elementor-section elementor-top-section elementor-element elementor-element-3634f7c elementor-section-boxed elementor-section-height-default elementor-section-height-default\" data-id=\"3634f7c\" data-element_type=\"section\" id=\"libe\">\n\t\t\t\t\t\t\t<div class=\"elementor-background-overlay\"><\/div>\n\t\t\t\t\t\t\t<div class=\"elementor-container elementor-column-gap-default\">\n\t\t\t\t\t<div class=\"elementor-column elementor-col-100 elementor-top-column elementor-element elementor-element-f644ba4\" data-id=\"f644ba4\" data-element_type=\"column\">\n\t\t\t<div class=\"elementor-widget-wrap elementor-element-populated\">\n\t\t\t\t\t\t<div class=\"elementor-element elementor-element-e619e04 elementor-widget elementor-widget-heading\" data-id=\"e619e04\" data-element_type=\"widget\" data-widget_type=\"heading.default\">\n\t\t\t\t<div class=\"elementor-widget-container\">\n\t\t\t\t\t<h1 class=\"elementor-heading-title elementor-size-default\">LIBERACI\u00d3N DE ESTAD\u00cdAS<\/h1>\t\t\t\t<\/div>\n\t\t\t\t<\/div>\n\t\t\t\t<div class=\"elementor-element elementor-element-7ac844d elementor-widget elementor-widget-text-editor\" data-id=\"7ac844d\" data-element_type=\"widget\" data-widget_type=\"text-editor.default\">\n\t\t\t\t<div class=\"elementor-widget-container\">\n\t\t\t\t\t\t\t\t\t<p style=\"text-align: center;\"><strong>SEPTIEMBRE-DICIEMBRE 2022<\/strong><\/p>\t\t\t\t\t\t\t\t<\/div>\n\t\t\t\t<\/div>\n\t\t\t\t<section class=\"elementor-section elementor-inner-section elementor-element elementor-element-d760c29 elementor-section-boxed elementor-section-height-default elementor-section-height-default\" data-id=\"d760c29\" data-element_type=\"section\">\n\t\t\t\t\t\t<div class=\"elementor-container elementor-column-gap-default\">\n\t\t\t\t\t<div class=\"elementor-column elementor-col-100 elementor-inner-column elementor-element elementor-element-47199bf\" data-id=\"47199bf\" data-element_type=\"column\" data-settings=\"{&quot;background_background&quot;:&quot;classic&quot;}\">\n\t\t\t<div class=\"elementor-widget-wrap elementor-element-populated\">\n\t\t\t\t\t\t<div class=\"elementor-element elementor-element-174d1eb elementor-widget elementor-widget-text-editor\" data-id=\"174d1eb\" data-element_type=\"widget\" data-widget_type=\"text-editor.default\">\n\t\t\t\t<div class=\"elementor-widget-container\">\n\t\t\t\t\t\t\t\t\t<ol><li><p>Tener contestadas las encuestas que son enviadas al correo de tu asesor empresarial (ser\u00e1n enviadas al final de tu estad\u00eda).<\/p><\/li><li><p>El estudiante contestar\u00e1 dos encuestas al t\u00e9rmino de estad\u00eda (Satisfacci\u00f3n de Egresados y Seguimiento de Egresados) RECUERDA QUE LA ESTAD\u00cdA NO ES UN TRABAJO.<\/p><\/li><li><p>Descargar las cartas liberaci\u00f3n y autorizaci\u00f3n de proyecta en el apartado de alumno\/estad\u00eda\/documentos de estad\u00eda.<\/p><\/li><li><p>Agregar membrete o logotipo de la empresa en la carta liberaci\u00f3n (No modificar fecha ni texto).<\/p><\/li><li>Revisar que los datos de ambas cartas coincidan con la informaci\u00f3n de proyecta y\/o ortograf\u00eda.<\/li><li><p>Recabar firmas en ambos documentos. (Cartas liberaci\u00f3n y autorizaci\u00f3n).<\/p><\/li><li><p>Convertir los documentos en PDF y subirlos a proyecta en el apartado de\u00a0alumno\/estad\u00eda\/documentos de estad\u00eda.<\/p><\/li><li>Vinculaci\u00f3n revisa documentaci\u00f3n y libera o rechaza los documentos, en caso de traer errores, debes subirlos de nuevo ya con las correcciones solicitadas (estar pendiente de los comentarios en tu Proyecta).<\/li><\/ol><p><strong>AL COMPLETAR ESTE PROCESO, EN UN LAPSO DE 48 HORAS ESTAR\u00c1 EN POSICI\u00d3N DE INICIAR EL TR\u00c1MITE DE TITULACI\u00d3N.<\/strong><\/p><p><strong><span style=\"color: #455258;\">FECHA DE LIBERACI\u00d3N DE ESTAD\u00cdAS: 9 a 16 de diciembre 2022; la fecha variar\u00e1 conforme a cada estudiante (consultar Proyecta).<\/span><\/strong><\/p>\t\t\t\t\t\t\t\t<\/div>\n\t\t\t\t<\/div>\n\t\t\t\t\t<\/div>\n\t\t<\/div>\n\t\t\t\t\t<\/div>\n\t\t<\/section>\n\t\t\t\t<div class=\"elementor-element elementor-element-a186116 elementor-widget elementor-widget-text-editor\" data-id=\"a186116\" data-element_type=\"widget\" data-widget_type=\"text-editor.default\">\n\t\t\t\t<div class=\"elementor-widget-container\">\n\t\t\t\t\t\t\t\t\t<p style=\"text-align: center;\"><span style=\"color: #ff0000;\"><strong>LA OMISI\u00d3N DE ESTE PROCESO CAUSA REPROBACI\u00d3N DE ESTAD\u00cdAS AUTOM\u00c1TICAMENTE<\/strong><\/span><\/p>\t\t\t\t\t\t\t\t<\/div>\n\t\t\t\t<\/div>\n\t\t\t\t<div class=\"elementor-element elementor-element-057c448 elementor-widget elementor-widget-spacer\" data-id=\"057c448\" data-element_type=\"widget\" data-widget_type=\"spacer.default\">\n\t\t\t\t<div class=\"elementor-widget-container\">\n\t\t\t\t\t\t\t<div class=\"elementor-spacer\">\n\t\t\t<div class=\"elementor-spacer-inner\"><\/div>\n\t\t<\/div>\n\t\t\t\t\t\t<\/div>\n\t\t\t\t<\/div>\n\t\t\t\t<div class=\"elementor-element elementor-element-4773575 elementor-widget elementor-widget-heading\" data-id=\"4773575\" data-element_type=\"widget\" data-widget_type=\"heading.default\">\n\t\t\t\t<div class=\"elementor-widget-container\">\n\t\t\t\t\t<h2 class=\"elementor-heading-title elementor-size-default\">NOTA: Adicional a este proceso, debes enviar el archivo del informe de estad\u00edas, a la secretaria de tu carrera, mediante los siguientes correos:<\/h2>\t\t\t\t<\/div>\n\t\t\t\t<\/div>\n\t\t\t\t<div class=\"elementor-element elementor-element-05c8f1b elementor-tabs-view-horizontal elementor-widget elementor-widget-tabs\" data-id=\"05c8f1b\" data-element_type=\"widget\" data-widget_type=\"tabs.default\">\n\t\t\t\t<div class=\"elementor-widget-container\">\n\t\t\t\t\t\t\t<div class=\"elementor-tabs\">\n\t\t\t<div class=\"elementor-tabs-wrapper\" role=\"tablist\" >\n\t\t\t\t\t\t\t\t\t<div id=\"elementor-tab-title-6061\" class=\"elementor-tab-title elementor-tab-desktop-title\" aria-selected=\"true\" data-tab=\"1\" role=\"tab\" tabindex=\"0\" aria-controls=\"elementor-tab-content-6061\" aria-expanded=\"false\">Desarrollo de Negocios<\/div>\n\t\t\t\t\t\t\t\t\t<div id=\"elementor-tab-title-6062\" class=\"elementor-tab-title elementor-tab-desktop-title\" aria-selected=\"false\" data-tab=\"2\" role=\"tab\" tabindex=\"-1\" aria-controls=\"elementor-tab-content-6062\" aria-expanded=\"false\">Mantenimiento<\/div>\n\t\t\t\t\t\t\t\t\t<div id=\"elementor-tab-title-6063\" class=\"elementor-tab-title elementor-tab-desktop-title\" aria-selected=\"false\" data-tab=\"3\" role=\"tab\" tabindex=\"-1\" aria-controls=\"elementor-tab-content-6063\" aria-expanded=\"false\">Mecatr\u00f3nica y Energ\u00edas Renovables<\/div>\n\t\t\t\t\t\t\t\t\t<div id=\"elementor-tab-title-6064\" class=\"elementor-tab-title elementor-tab-desktop-title\" aria-selected=\"false\" data-tab=\"4\" role=\"tab\" tabindex=\"-1\" aria-controls=\"elementor-tab-content-6064\" aria-expanded=\"false\">Ingenier\u00eda Industrial<\/div>\n\t\t\t\t\t\t\t\t\t<div id=\"elementor-tab-title-6065\" class=\"elementor-tab-title elementor-tab-desktop-title\" aria-selected=\"false\" data-tab=\"5\" role=\"tab\" tabindex=\"-1\" aria-controls=\"elementor-tab-content-6065\" aria-expanded=\"false\">Tecnolog\u00edas de la Informaci\u00f3n<\/div>\n\t\t\t\t\t\t\t\t\t<div id=\"elementor-tab-title-6066\" class=\"elementor-tab-title elementor-tab-desktop-title\" aria-selected=\"false\" data-tab=\"6\" role=\"tab\" tabindex=\"-1\" aria-controls=\"elementor-tab-content-6066\" aria-expanded=\"false\">Unidad BIS<\/div>\n\t\t\t\t\t\t\t\t\t<div id=\"elementor-tab-title-6067\" class=\"elementor-tab-title elementor-tab-desktop-title\" aria-selected=\"false\" data-tab=\"7\" role=\"tab\" tabindex=\"-1\" aria-controls=\"elementor-tab-content-6067\" aria-expanded=\"false\">Unidad Ojinaga<\/div>\n\t\t\t\t\t\t\t\t\t<div id=\"elementor-tab-title-6068\" class=\"elementor-tab-title elementor-tab-desktop-title\" aria-selected=\"false\" data-tab=\"8\" role=\"tab\" tabindex=\"-1\" aria-controls=\"elementor-tab-content-6068\" aria-expanded=\"false\">Unidad Cuauht\u00e9moc<\/div>\n\t\t\t\t\t\t\t<\/div>\n\t\t\t<div class=\"elementor-tabs-content-wrapper\" role=\"tablist\" aria-orientation=\"vertical\">\n\t\t\t\t\t\t\t\t\t<div class=\"elementor-tab-title elementor-tab-mobile-title\" aria-selected=\"true\" data-tab=\"1\" role=\"tab\" tabindex=\"0\" aria-controls=\"elementor-tab-content-6061\" aria-expanded=\"false\">Desarrollo de Negocios<\/div>\n\t\t\t\t\t<div id=\"elementor-tab-content-6061\" class=\"elementor-tab-content elementor-clearfix\" data-tab=\"1\" role=\"tabpanel\" aria-labelledby=\"elementor-tab-title-6061\" tabindex=\"0\" hidden=\"false\"><ul><li><span style=\"color: #455258;\">Turno Matutino <\/span><strong>amacias@utch.edu.mx<\/strong><\/li><li><span style=\"color: #455258;\">Turno Despresurizado <\/span><strong>rrasconz@utch.edu.mx<\/strong><\/li><\/ul><\/div>\n\t\t\t\t\t\t\t\t\t<div class=\"elementor-tab-title elementor-tab-mobile-title\" aria-selected=\"false\" data-tab=\"2\" role=\"tab\" tabindex=\"-1\" aria-controls=\"elementor-tab-content-6062\" aria-expanded=\"false\">Mantenimiento<\/div>\n\t\t\t\t\t<div id=\"elementor-tab-content-6062\" class=\"elementor-tab-content elementor-clearfix\" data-tab=\"2\" role=\"tabpanel\" aria-labelledby=\"elementor-tab-title-6062\" tabindex=\"0\" hidden=\"hidden\"><ul><li><span style=\"color: #455258;\">Turno Matutino <\/span><strong>pbaeza@utch.edu.mx<\/strong><\/li><li><span style=\"color: #455258;\">Turno Despresurizado <\/span><strong>ralmuina@utch.edu.mx<\/strong><\/li><\/ul><\/div>\n\t\t\t\t\t\t\t\t\t<div class=\"elementor-tab-title elementor-tab-mobile-title\" aria-selected=\"false\" data-tab=\"3\" role=\"tab\" tabindex=\"-1\" aria-controls=\"elementor-tab-content-6063\" aria-expanded=\"false\">Mecatr\u00f3nica y Energ\u00edas Renovables<\/div>\n\t\t\t\t\t<div id=\"elementor-tab-content-6063\" class=\"elementor-tab-content elementor-clearfix\" data-tab=\"3\" role=\"tabpanel\" aria-labelledby=\"elementor-tab-title-6063\" tabindex=\"0\" hidden=\"hidden\"><ul><li><span style=\"color: #455258;\">Turno Matutino <\/span><strong><strong>lgonzalez@utch.edu.mx<\/strong><\/strong><\/li><li><span style=\"color: #455258;\">Turno Despresurizado <\/span><strong>smeyer@utch.edu.mx<\/strong><\/li><\/ul><\/div>\n\t\t\t\t\t\t\t\t\t<div class=\"elementor-tab-title elementor-tab-mobile-title\" aria-selected=\"false\" data-tab=\"4\" role=\"tab\" tabindex=\"-1\" aria-controls=\"elementor-tab-content-6064\" aria-expanded=\"false\">Ingenier\u00eda Industrial<\/div>\n\t\t\t\t\t<div id=\"elementor-tab-content-6064\" class=\"elementor-tab-content elementor-clearfix\" data-tab=\"4\" role=\"tabpanel\" aria-labelledby=\"elementor-tab-title-6064\" tabindex=\"0\" hidden=\"hidden\"><ul><li><span style=\"color: #455258;\">Turno Matutino <\/span><strong>lrivas@utch.edu.mx<\/strong><\/li><li><span style=\"color: #455258;\">Turno Despresurizado <\/span><strong>aperales@utch.edu.mx<\/strong><\/li><\/ul><\/div>\n\t\t\t\t\t\t\t\t\t<div class=\"elementor-tab-title elementor-tab-mobile-title\" aria-selected=\"false\" data-tab=\"5\" role=\"tab\" tabindex=\"-1\" aria-controls=\"elementor-tab-content-6065\" aria-expanded=\"false\">Tecnolog\u00edas de la Informaci\u00f3n<\/div>\n\t\t\t\t\t<div id=\"elementor-tab-content-6065\" class=\"elementor-tab-content elementor-clearfix\" data-tab=\"5\" role=\"tabpanel\" aria-labelledby=\"elementor-tab-title-6065\" tabindex=\"0\" hidden=\"hidden\"><ul><li><span style=\"color: #455258;\">Turno Matutino<\/span> <strong>lcastillo@utch.edu.mx<\/strong><\/li><li><span style=\"color: #455258;\">Turno Despresurizado<\/span> <strong>layala@utch.edu.mx<\/strong><\/li><\/ul><\/div>\n\t\t\t\t\t\t\t\t\t<div class=\"elementor-tab-title elementor-tab-mobile-title\" aria-selected=\"false\" data-tab=\"6\" role=\"tab\" tabindex=\"-1\" aria-controls=\"elementor-tab-content-6066\" aria-expanded=\"false\">Unidad BIS<\/div>\n\t\t\t\t\t<div id=\"elementor-tab-content-6066\" class=\"elementor-tab-content elementor-clearfix\" data-tab=\"6\" role=\"tabpanel\" aria-labelledby=\"elementor-tab-title-6066\" tabindex=\"0\" hidden=\"hidden\"><ul><li><span style=\"color: #455258;\">Turno Matutino<\/span> <strong>icarmona@utch.edu.mx<\/strong><\/li><\/ul><\/div>\n\t\t\t\t\t\t\t\t\t<div class=\"elementor-tab-title elementor-tab-mobile-title\" aria-selected=\"false\" data-tab=\"7\" role=\"tab\" tabindex=\"-1\" aria-controls=\"elementor-tab-content-6067\" aria-expanded=\"false\">Unidad Ojinaga<\/div>\n\t\t\t\t\t<div id=\"elementor-tab-content-6067\" class=\"elementor-tab-content elementor-clearfix\" data-tab=\"7\" role=\"tabpanel\" aria-labelledby=\"elementor-tab-title-6067\" tabindex=\"0\" hidden=\"hidden\"><ul><li><span style=\"color: #455258;\">Turno Matutino<\/span> <strong>escolares.ojinaga@utch.edu.mx<\/strong><\/li><\/ul><\/div>\n\t\t\t\t\t\t\t\t\t<div class=\"elementor-tab-title elementor-tab-mobile-title\" aria-selected=\"false\" data-tab=\"8\" role=\"tab\" tabindex=\"-1\" aria-controls=\"elementor-tab-content-6068\" aria-expanded=\"false\">Unidad Cuauht\u00e9moc<\/div>\n\t\t\t\t\t<div id=\"elementor-tab-content-6068\" class=\"elementor-tab-content elementor-clearfix\" data-tab=\"8\" role=\"tabpanel\" aria-labelledby=\"elementor-tab-title-6068\" tabindex=\"0\" hidden=\"hidden\"><ul><li><span style=\"color: #455258;\">Turno Matutino<\/span> <strong>lgonzaleze@utch.edu.mx<\/strong><\/li><\/ul><\/div>\n\t\t\t\t\t\t\t<\/div>\n\t\t<\/div>\n\t\t\t\t\t\t<\/div>\n\t\t\t\t<\/div>\n\t\t\t\t<div class=\"elementor-element elementor-element-678f520 elementor-widget elementor-widget-text-editor\" data-id=\"678f520\" data-element_type=\"widget\" data-widget_type=\"text-editor.default\">\n\t\t\t\t<div class=\"elementor-widget-container\">\n\t\t\t\t\t\t\t\t\t<p style=\"text-align: center;\"><strong>\u00bfTienes dudas? escr\u00edbenos en:<\/strong><\/p>\t\t\t\t\t\t\t\t<\/div>\n\t\t\t\t<\/div>\n\t\t\t\t<div class=\"elementor-element elementor-element-691f5bf elementor-icon-list--layout-inline elementor-align-center elementor-list-item-link-full_width elementor-widget elementor-widget-icon-list\" data-id=\"691f5bf\" data-element_type=\"widget\" data-widget_type=\"icon-list.default\">\n\t\t\t\t<div class=\"elementor-widget-container\">\n\t\t\t\t\t\t\t<ul class=\"elementor-icon-list-items elementor-inline-items\">\n\t\t\t\t\t\t\t<li class=\"elementor-icon-list-item elementor-inline-item\">\n\t\t\t\t\t\t\t\t\t\t\t<span class=\"elementor-icon-list-icon\">\n\t\t\t\t\t\t\t<i aria-hidden=\"true\" class=\"fab fa-whatsapp\"><\/i>\t\t\t\t\t\t<\/span>\n\t\t\t\t\t\t\t\t\t\t<span class=\"elementor-icon-list-text\">614 540 68 21<\/span>\n\t\t\t\t\t\t\t\t\t<\/li>\n\t\t\t\t\t\t\t\t<li class=\"elementor-icon-list-item elementor-inline-item\">\n\t\t\t\t\t\t\t\t\t\t\t<span class=\"elementor-icon-list-icon\">\n\t\t\t\t\t\t\t<i aria-hidden=\"true\" class=\"far fa-envelope\"><\/i>\t\t\t\t\t\t<\/span>\n\t\t\t\t\t\t\t\t\t\t<span class=\"elementor-icon-list-text\">estadias@utch.edu.mx<\/span>\n\t\t\t\t\t\t\t\t\t<\/li>\n\t\t\t\t\t\t<\/ul>\n\t\t\t\t\t\t<\/div>\n\t\t\t\t<\/div>\n\t\t\t\t\t<\/div>\n\t\t<\/div>\n\t\t\t\t\t<\/div>\n\t\t<\/section>\n\t\t\t\t<section class=\"elementor-section elementor-top-section elementor-element elementor-element-62cfc03 elementor-section-boxed elementor-section-height-default elementor-section-height-default\" data-id=\"62cfc03\" data-element_type=\"section\">\n\t\t\t\t\t\t<div class=\"elementor-container elementor-column-gap-default\">\n\t\t\t\t\t<div class=\"elementor-column elementor-col-100 elementor-top-column elementor-element elementor-element-4c9c7f6\" data-id=\"4c9c7f6\" data-element_type=\"column\">\n\t\t\t<div class=\"elementor-widget-wrap elementor-element-populated\">\n\t\t\t\t\t\t<div class=\"elementor-element elementor-element-537c6ec elementor-widget elementor-widget-spacer\" data-id=\"537c6ec\" data-element_type=\"widget\" data-widget_type=\"spacer.default\">\n\t\t\t\t<div class=\"elementor-widget-container\">\n\t\t\t\t\t\t\t<div class=\"elementor-spacer\">\n\t\t\t<div class=\"elementor-spacer-inner\"><\/div>\n\t\t<\/div>\n\t\t\t\t\t\t<\/div>\n\t\t\t\t<\/div>\n\t\t\t\t\t<\/div>\n\t\t<\/div>\n\t\t\t\t\t<\/div>\n\t\t<\/section>\n\t\t\t\t<\/div>\n\t\t","protected":false},"excerpt":{"rendered":"<p>ESTAD\u00cdAS ENERO-ABRIL 2023 12 de diciembre 2022.- Inscripci\u00f3n estad\u00edas. 3 de enero.- Inicio de estad\u00edas. 6 de enero.- Fecha l\u00edmite para tr\u00e1mite de carta compromiso de estad\u00edas (carta compromiso con firma y subida en PDF en tu Proyecta). . 12 de abril.- T\u00e9rmino de estad\u00edas. 22 de abril.- Fecha l\u00edmite para entregar liberaci\u00f3n (var\u00eda dependiendo [&hellip;]<\/p>\n","protected":false},"author":1,"featured_media":0,"parent":0,"menu_order":0,"comment_status":"closed","ping_status":"closed","template":"elementor_header_footer","meta":{"footnotes":""},"class_list":["post-14792","page","type-page","status-publish","hentry"],"jetpack_sharing_enabled":true,"amp_enabled":true,"_links":{"self":[{"href":"https:\/\/www.utch.edu.mx\/index.php\/wp-json\/wp\/v2\/pages\/14792","targetHints":{"allow":["GET"]}}],"collection":[{"href":"https:\/\/www.utch.edu.mx\/index.php\/wp-json\/wp\/v2\/pages"}],"about":[{"href":"https:\/\/www.utch.edu.mx\/index.php\/wp-json\/wp\/v2\/types\/page"}],"author":[{"embeddable":true,"href":"https:\/\/www.utch.edu.mx\/index.php\/wp-json\/wp\/v2\/users\/1"}],"replies":[{"embeddable":true,"href":"https:\/\/www.utch.edu.mx\/index.php\/wp-json\/wp\/v2\/comments?post=14792"}],"version-history":[{"count":0,"href":"https:\/\/www.utch.edu.mx\/index.php\/wp-json\/wp\/v2\/pages\/14792\/revisions"}],"wp:attachment":[{"href":"https:\/\/www.utch.edu.mx\/index.php\/wp-json\/wp\/v2\/media?parent=14792"}],"curies":[{"name":"wp","href":"https:\/\/api.w.org\/{rel}","templated":true}]}}